{"id":3849,"date":"2025-03-25T09:38:11","date_gmt":"2025-03-25T09:38:11","guid":{"rendered":"https:\/\/matrix-sa.com\/servicios-de-ingenieria\/"},"modified":"2025-09-26T08:01:10","modified_gmt":"2025-09-26T08:01:10","slug":"diseno-de-matrices","status":"publish","type":"page","link":"https:\/\/dies.matrix-sa.com\/es\/diseno-de-matrices\/","title":{"rendered":"Dise\u00f1o de matrices"},"content":{"rendered":"\t\t<div data-elementor-type=\"wp-page\" data-elementor-id=\"3849\" class=\"elementor elementor-3849 elementor-2177\" data-elementor-post-type=\"page\">\n\t\t\t\t<div class=\"elementor-element elementor-element-ab05af7 e-flex e-con-boxed e-con e-parent\" data-id=\"ab05af7\" data-element_type=\"container\">\n\t\t\t\t\t<div class=\"e-con-inner\">\n\t\t\t\t<div class=\"elementor-element elementor-element-547d742 breadcrumbsmatrix elementor-widget elementor-widget-dce-breadcrumbs\" data-id=\"547d742\" data-element_type=\"widget\" data-widget_type=\"dce-breadcrumbs.default\">\n\t\t\t\t<div class=\"elementor-widget-container\">\n\t\t\t\t\t<ul><li class=\"item-current item-3849\"><span class=\"bread-current bread-3849\"> Dise\u00f1o de matrices<\/span><\/li><\/ul>\t\t\t\t<\/div>\n\t\t\t\t<\/div>\n\t\t\t\t\t<\/div>\n\t\t\t\t<\/div>\n\t\t<div data-dce-background-overlay-color=\"#000000\" data-dce-background-image-url=\"https:\/\/dies.matrix-sa.com\/wp-content\/uploads\/2025\/05\/01_dies_design_capsalera.webp\" class=\"elementor-element elementor-element-704c799 e-flex e-con-boxed e-con e-parent\" data-id=\"704c799\" data-element_type=\"container\" data-settings=\"{&quot;background_background&quot;:&quot;classic&quot;}\">\n\t\t\t\t\t<div class=\"e-con-inner\">\n\t\t\t\t<div class=\"elementor-element elementor-element-16200eb elementor-widget elementor-widget-heading\" data-id=\"16200eb\" data-element_type=\"widget\" data-widget_type=\"heading.default\">\n\t\t\t\t<div class=\"elementor-widget-container\">\n\t\t\t\t\t<h1 class=\"elementor-heading-title elementor-size-default\">Dise\u00f1o de matrices<\/h1>\t\t\t\t<\/div>\n\t\t\t\t<\/div>\n\t\t\t\t\t<\/div>\n\t\t\t\t<\/div>\n\t\t<div class=\"elementor-element elementor-element-962cac5 e-grid e-con-boxed e-con e-parent\" data-id=\"962cac5\" data-element_type=\"container\">\n\t\t\t\t\t<div class=\"e-con-inner\">\n\t\t\t\t<div class=\"elementor-element elementor-element-da15084 dce_masking-none elementor-widget elementor-widget-image\" data-id=\"da15084\" data-element_type=\"widget\" data-widget_type=\"image.default\">\n\t\t\t\t<div class=\"elementor-widget-container\">\n\t\t\t\t\t\t\t\t\t\t\t\t\t\t\t<img decoding=\"async\" width=\"600\" height=\"2\" src=\"https:\/\/dies.matrix-sa.com\/wp-content\/uploads\/2025\/02\/fake.webp\" class=\"attachment-large size-large wp-image-2863\" alt=\"\" srcset=\"https:\/\/dies.matrix-sa.com\/wp-content\/uploads\/2025\/02\/fake.webp 600w, https:\/\/dies.matrix-sa.com\/wp-content\/uploads\/2025\/02\/fake-300x1.webp 300w, https:\/\/dies.matrix-sa.com\/wp-content\/uploads\/2025\/02\/fake-150x2.webp 150w\" sizes=\"(max-width: 600px) 100vw, 600px\" \/>\t\t\t\t\t\t\t\t\t\t\t\t\t\t\t<\/div>\n\t\t\t\t<\/div>\n\t\t<div class=\"elementor-element elementor-element-e714aed e-con-full e-flex e-con e-child\" data-id=\"e714aed\" data-element_type=\"container\">\n\t\t\t\t<div class=\"elementor-element elementor-element-31861e6 elementor-widget elementor-widget-heading\" data-id=\"31861e6\" data-element_type=\"widget\" data-widget_type=\"heading.default\">\n\t\t\t\t<div class=\"elementor-widget-container\">\n\t\t\t\t\t<h2 class=\"elementor-heading-title elementor-size-default\">Realizamos estudios de viabilidad para identificar las soluciones m\u00e1s eficaces, reduciendo significativamente el riesgo de errores.<\/h2>\t\t\t\t<\/div>\n\t\t\t\t<\/div>\n\t\t\t\t<div class=\"elementor-element elementor-element-d13117a elementor-widget elementor-widget-text-editor\" data-id=\"d13117a\" data-element_type=\"widget\" data-widget_type=\"text-editor.default\">\n\t\t\t\t<div class=\"elementor-widget-container\">\n\t\t\t\t\t\t\t\t\t<p>El equipo de ingenieros de Matrix aporta m\u00e1s de 50 a\u00f1os de experiencia en el desarrollo de matrices personalizadas para estampaci\u00f3n de gran volumen. <\/p><p>Gracias a nuestra amplia experiencia en el dise\u00f1o de matrices progresivas, abordamos cada proyecto de forma hol\u00edstica, dominando los principios de ingenier\u00eda, las propiedades de los materiales y los procesos de fabricaci\u00f3n.<\/p><p>Nuestro saber hacer nos permite ofrecer soluciones creativas y eficaces centradas en optimizar el rendimiento industrial de cada matriz, lo que supone un ahorro de costes, tiempo y energ\u00eda para nuestros clientes.<\/p>\t\t\t\t\t\t\t\t<\/div>\n\t\t\t\t<\/div>\n\t\t\t\t<div class=\"elementor-element elementor-element-e394965 dce_masking-none elementor-widget elementor-widget-image\" data-id=\"e394965\" data-element_type=\"widget\" data-widget_type=\"image.default\">\n\t\t\t\t<div class=\"elementor-widget-container\">\n\t\t\t\t\t\t\t\t\t\t\t\t\t\t\t<img fetchpriority=\"high\" decoding=\"async\" width=\"800\" height=\"534\" src=\"https:\/\/dies.matrix-sa.com\/wp-content\/uploads\/2025\/05\/01_dies_design-1024x683.webp\" class=\"attachment-large size-large wp-image-4571\" alt=\"\" srcset=\"https:\/\/dies.matrix-sa.com\/wp-content\/uploads\/2025\/05\/01_dies_design-1024x683.webp 1024w, https:\/\/dies.matrix-sa.com\/wp-content\/uploads\/2025\/05\/01_dies_design-300x200.webp 300w, https:\/\/dies.matrix-sa.com\/wp-content\/uploads\/2025\/05\/01_dies_design-768x512.webp 768w, https:\/\/dies.matrix-sa.com\/wp-content\/uploads\/2025\/05\/01_dies_design.webp 1200w\" sizes=\"(max-width: 800px) 100vw, 800px\" \/>\t\t\t\t\t\t\t\t\t\t\t\t\t\t\t<\/div>\n\t\t\t\t<\/div>\n\t\t\t\t<\/div>\n\t\t\t\t<div class=\"elementor-element elementor-element-0db0fa6 dce_masking-none elementor-widget elementor-widget-image\" data-id=\"0db0fa6\" data-element_type=\"widget\" data-widget_type=\"image.default\">\n\t\t\t\t<div class=\"elementor-widget-container\">\n\t\t\t\t\t\t\t\t\t\t\t\t\t\t\t<img decoding=\"async\" width=\"600\" height=\"2\" src=\"https:\/\/dies.matrix-sa.com\/wp-content\/uploads\/2025\/02\/fake.webp\" class=\"attachment-large size-large wp-image-2863\" alt=\"\" srcset=\"https:\/\/dies.matrix-sa.com\/wp-content\/uploads\/2025\/02\/fake.webp 600w, https:\/\/dies.matrix-sa.com\/wp-content\/uploads\/2025\/02\/fake-300x1.webp 300w, https:\/\/dies.matrix-sa.com\/wp-content\/uploads\/2025\/02\/fake-150x2.webp 150w\" sizes=\"(max-width: 600px) 100vw, 600px\" \/>\t\t\t\t\t\t\t\t\t\t\t\t\t\t\t<\/div>\n\t\t\t\t<\/div>\n\t\t\t\t\t<\/div>\n\t\t\t\t<\/div>\n\t\t<div class=\"elementor-element elementor-element-2eaafa6 e-grid e-con-boxed e-con e-parent\" data-id=\"2eaafa6\" data-element_type=\"container\">\n\t\t\t\t\t<div class=\"e-con-inner\">\n\t\t\t\t<div class=\"elementor-element elementor-element-b887a5a dce_masking-none elementor-widget elementor-widget-image\" data-id=\"b887a5a\" data-element_type=\"widget\" data-widget_type=\"image.default\">\n\t\t\t\t<div class=\"elementor-widget-container\">\n\t\t\t\t\t\t\t\t\t\t\t\t\t\t\t<img decoding=\"async\" width=\"600\" height=\"2\" src=\"https:\/\/dies.matrix-sa.com\/wp-content\/uploads\/2025\/02\/fake.webp\" class=\"attachment-large size-large wp-image-2863\" alt=\"\" srcset=\"https:\/\/dies.matrix-sa.com\/wp-content\/uploads\/2025\/02\/fake.webp 600w, https:\/\/dies.matrix-sa.com\/wp-content\/uploads\/2025\/02\/fake-300x1.webp 300w, https:\/\/dies.matrix-sa.com\/wp-content\/uploads\/2025\/02\/fake-150x2.webp 150w\" sizes=\"(max-width: 600px) 100vw, 600px\" \/>\t\t\t\t\t\t\t\t\t\t\t\t\t\t\t<\/div>\n\t\t\t\t<\/div>\n\t\t<div class=\"elementor-element elementor-element-d577223 e-con-full e-flex e-con e-child\" data-id=\"d577223\" data-element_type=\"container\">\n\t\t<div class=\"elementor-element elementor-element-4bc15ff e-con-full e-flex e-con e-child\" data-id=\"4bc15ff\" data-element_type=\"container\">\n\t\t\t\t<\/div>\n\t\t<a class=\"elementor-element elementor-element-7e5499a e-con-full e-flex e-con e-child\" data-id=\"7e5499a\" data-element_type=\"container\" href=\"https:\/\/dies.matrix-sa.com\/es\/un-taller-de-vanguardia\/\">\n\t\t\t\t<div class=\"elementor-element elementor-element-4ae6185 elementor-widget elementor-widget-text-editor\" data-id=\"4ae6185\" data-element_type=\"widget\" data-widget_type=\"text-editor.default\">\n\t\t\t\t<div class=\"elementor-widget-container\">\n\t\t\t\t\t\t\t\t\t<p>Fabricaci\u00f3n propia<\/p>\t\t\t\t\t\t\t\t<\/div>\n\t\t\t\t<\/div>\n\t\t\t\t<div class=\"elementor-element elementor-element-1a348b9 dce_masking-none elementor-widget elementor-widget-image\" data-id=\"1a348b9\" data-element_type=\"widget\" data-widget_type=\"image.default\">\n\t\t\t\t<div class=\"elementor-widget-container\">\n\t\t\t\t\t\t\t\t\t\t\t\t\t\t\t<img decoding=\"async\" width=\"64\" height=\"64\" src=\"https:\/\/dies.matrix-sa.com\/wp-content\/uploads\/2025\/02\/button-circle-right.svg\" class=\"attachment-large size-large wp-image-2872\" alt=\"\" \/>\t\t\t\t\t\t\t\t\t\t\t\t\t\t\t<\/div>\n\t\t\t\t<\/div>\n\t\t\t\t<\/a>\n\t\t\t\t<\/div>\n\t\t\t\t<div class=\"elementor-element elementor-element-87f58b0 dce_masking-none elementor-widget elementor-widget-image\" data-id=\"87f58b0\" data-element_type=\"widget\" data-widget_type=\"image.default\">\n\t\t\t\t<div class=\"elementor-widget-container\">\n\t\t\t\t\t\t\t\t\t\t\t\t\t\t\t<img decoding=\"async\" width=\"600\" height=\"2\" src=\"https:\/\/dies.matrix-sa.com\/wp-content\/uploads\/2025\/02\/fake.webp\" class=\"attachment-large size-large wp-image-2863\" alt=\"\" srcset=\"https:\/\/dies.matrix-sa.com\/wp-content\/uploads\/2025\/02\/fake.webp 600w, https:\/\/dies.matrix-sa.com\/wp-content\/uploads\/2025\/02\/fake-300x1.webp 300w, https:\/\/dies.matrix-sa.com\/wp-content\/uploads\/2025\/02\/fake-150x2.webp 150w\" sizes=\"(max-width: 600px) 100vw, 600px\" \/>\t\t\t\t\t\t\t\t\t\t\t\t\t\t\t<\/div>\n\t\t\t\t<\/div>\n\t\t\t\t\t<\/div>\n\t\t\t\t<\/div>\n\t\t\t\t<\/div>\n\t\t","protected":false},"excerpt":{"rendered":"<p>Dise\u00f1o de matrices Realizamos estudios de viabilidad para identificar las soluciones m\u00e1s eficaces, reduciendo significativamente el riesgo de errores. El equipo de ingenieros de Matrix aporta m\u00e1s de 50 a\u00f1os de experiencia en el desarrollo de matrices personalizadas para estampaci\u00f3n de gran volumen. Gracias a nuestra amplia experiencia en el dise\u00f1o de matrices progresivas, abordamos [&hellip;]<\/p>\n","protected":false},"author":1,"featured_media":0,"parent":0,"menu_order":0,"comment_status":"closed","ping_status":"closed","template":"","meta":{"product_image_gallery":"","footnotes":""},"class_list":["post-3849","page","type-page","status-publish","hentry"],"_links":{"self":[{"href":"https:\/\/dies.matrix-sa.com\/es\/wp-json\/wp\/v2\/pages\/3849","targetHints":{"allow":["GET"]}}],"collection":[{"href":"https:\/\/dies.matrix-sa.com\/es\/wp-json\/wp\/v2\/pages"}],"about":[{"href":"https:\/\/dies.matrix-sa.com\/es\/wp-json\/wp\/v2\/types\/page"}],"author":[{"embeddable":true,"href":"https:\/\/dies.matrix-sa.com\/es\/wp-json\/wp\/v2\/users\/1"}],"replies":[{"embeddable":true,"href":"https:\/\/dies.matrix-sa.com\/es\/wp-json\/wp\/v2\/comments?post=3849"}],"version-history":[{"count":10,"href":"https:\/\/dies.matrix-sa.com\/es\/wp-json\/wp\/v2\/pages\/3849\/revisions"}],"predecessor-version":[{"id":4875,"href":"https:\/\/dies.matrix-sa.com\/es\/wp-json\/wp\/v2\/pages\/3849\/revisions\/4875"}],"wp:attachment":[{"href":"https:\/\/dies.matrix-sa.com\/es\/wp-json\/wp\/v2\/media?parent=3849"}],"curies":[{"name":"wp","href":"https:\/\/api.w.org\/{rel}","templated":true}]}}