{"id":4056,"date":"2025-03-25T10:12:03","date_gmt":"2025-03-25T10:12:03","guid":{"rendered":"https:\/\/matrix-sa.com\/area-de-proves-i-homologacio-de-motlles\/"},"modified":"2025-09-26T08:20:17","modified_gmt":"2025-09-26T08:20:17","slug":"quality-lab","status":"publish","type":"page","link":"https:\/\/dies.matrix-sa.com\/ca\/quality-lab\/","title":{"rendered":"Quality Lab"},"content":{"rendered":"\t\t<div data-elementor-type=\"wp-page\" data-elementor-id=\"4056\" class=\"elementor elementor-4056 elementor-2245\" data-elementor-post-type=\"page\">\n\t\t\t\t<div class=\"elementor-element elementor-element-ab05af7 e-flex e-con-boxed e-con e-parent\" data-id=\"ab05af7\" data-element_type=\"container\">\n\t\t\t\t\t<div class=\"e-con-inner\">\n\t\t\t\t<div class=\"elementor-element elementor-element-547d742 breadcrumbsmatrix elementor-widget elementor-widget-dce-breadcrumbs\" data-id=\"547d742\" data-element_type=\"widget\" data-widget_type=\"dce-breadcrumbs.default\">\n\t\t\t\t<div class=\"elementor-widget-container\">\n\t\t\t\t\t<ul><li class=\"item-current item-4056\"><span class=\"bread-current bread-4056\"> Quality Lab<\/span><\/li><\/ul>\t\t\t\t<\/div>\n\t\t\t\t<\/div>\n\t\t\t\t\t<\/div>\n\t\t\t\t<\/div>\n\t\t<div data-dce-background-overlay-color=\"#000000\" data-dce-background-image-url=\"https:\/\/dies.matrix-sa.com\/wp-content\/uploads\/2025\/05\/04_qualitylab_dies_capsalera.webp\" class=\"elementor-element elementor-element-704c799 e-flex e-con-boxed e-con e-parent\" data-id=\"704c799\" data-element_type=\"container\" data-settings=\"{&quot;background_background&quot;:&quot;classic&quot;}\">\n\t\t\t\t\t<div class=\"e-con-inner\">\n\t\t\t\t<div class=\"elementor-element elementor-element-16200eb elementor-widget elementor-widget-heading\" data-id=\"16200eb\" data-element_type=\"widget\" data-widget_type=\"heading.default\">\n\t\t\t\t<div class=\"elementor-widget-container\">\n\t\t\t\t\t<h1 class=\"elementor-heading-title elementor-size-default\">Quality Lab<\/h1>\t\t\t\t<\/div>\n\t\t\t\t<\/div>\n\t\t\t\t\t<\/div>\n\t\t\t\t<\/div>\n\t\t<div class=\"elementor-element elementor-element-962cac5 e-grid e-con-boxed e-con e-parent\" data-id=\"962cac5\" data-element_type=\"container\">\n\t\t\t\t\t<div class=\"e-con-inner\">\n\t\t\t\t<div class=\"elementor-element elementor-element-da15084 dce_masking-none elementor-widget elementor-widget-image\" data-id=\"da15084\" data-element_type=\"widget\" data-widget_type=\"image.default\">\n\t\t\t\t<div class=\"elementor-widget-container\">\n\t\t\t\t\t\t\t\t\t\t\t\t\t\t\t<img decoding=\"async\" width=\"600\" height=\"2\" src=\"https:\/\/dies.matrix-sa.com\/wp-content\/uploads\/2025\/02\/fake.webp\" class=\"attachment-large size-large wp-image-2861\" alt=\"\" srcset=\"https:\/\/dies.matrix-sa.com\/wp-content\/uploads\/2025\/02\/fake.webp 600w, https:\/\/dies.matrix-sa.com\/wp-content\/uploads\/2025\/02\/fake-300x1.webp 300w, https:\/\/dies.matrix-sa.com\/wp-content\/uploads\/2025\/02\/fake-150x2.webp 150w\" sizes=\"(max-width: 600px) 100vw, 600px\" \/>\t\t\t\t\t\t\t\t\t\t\t\t\t\t\t<\/div>\n\t\t\t\t<\/div>\n\t\t<div class=\"elementor-element elementor-element-e714aed e-con-full e-flex e-con e-child\" data-id=\"e714aed\" data-element_type=\"container\">\n\t\t\t\t<div class=\"elementor-element elementor-element-31861e6 elementor-widget elementor-widget-heading\" data-id=\"31861e6\" data-element_type=\"widget\" data-widget_type=\"heading.default\">\n\t\t\t\t<div class=\"elementor-widget-container\">\n\t\t\t\t\t<h2 class=\"elementor-heading-title elementor-size-default\">Matrix destaca pel seu laboratori de metrologia d'\u00faltima generaci\u00f3.<\/h2>\t\t\t\t<\/div>\n\t\t\t\t<\/div>\n\t\t\t\t<div class=\"elementor-element elementor-element-d13117a BulletsLine elementor-widget elementor-widget-text-editor\" data-id=\"d13117a\" data-element_type=\"widget\" data-widget_type=\"text-editor.default\">\n\t\t\t\t<div class=\"elementor-widget-container\">\n\t\t\t\t\t\t\t\t\t<p>Durant el proc\u00e9s de fabricaci\u00f3 de les matrius, el laboratori de qualitat de Matrix realitza, en cada etapa de mecanitzat, mesures dimensionals i validacions de tots els components, garantint el compliment total dels requisits de rendiment i consist\u00e8ncia.<\/p><p>A m\u00e9s, els nostres metr\u00f2legs analitzen les dimensions de les peces estampades finals produ\u00efdes durant la fase de proves amb matrius.<\/p><p>Totes les dades de mesura es recopilen en un informe complet, que es lliura juntament amb les peces estampades com a part de la FAT (prova d&#8217;acceptaci\u00f3 de f\u00e0brica).<\/p>\t\t\t\t\t\t\t\t<\/div>\n\t\t\t\t<\/div>\n\t\t\t\t<div class=\"elementor-element elementor-element-ef103c4 dce_masking-none elementor-widget elementor-widget-image\" data-id=\"ef103c4\" data-element_type=\"widget\" data-widget_type=\"image.default\">\n\t\t\t\t<div class=\"elementor-widget-container\">\n\t\t\t\t\t\t\t\t\t\t\t\t\t\t\t<img fetchpriority=\"high\" decoding=\"async\" width=\"800\" height=\"534\" src=\"https:\/\/dies.matrix-sa.com\/wp-content\/uploads\/2025\/05\/04_qualitylab_dies-1024x683.webp\" class=\"attachment-large size-large wp-image-4585\" alt=\"\" srcset=\"https:\/\/dies.matrix-sa.com\/wp-content\/uploads\/2025\/05\/04_qualitylab_dies-1024x683.webp 1024w, https:\/\/dies.matrix-sa.com\/wp-content\/uploads\/2025\/05\/04_qualitylab_dies-300x200.webp 300w, https:\/\/dies.matrix-sa.com\/wp-content\/uploads\/2025\/05\/04_qualitylab_dies-768x512.webp 768w, https:\/\/dies.matrix-sa.com\/wp-content\/uploads\/2025\/05\/04_qualitylab_dies.webp 1200w\" sizes=\"(max-width: 800px) 100vw, 800px\" \/>\t\t\t\t\t\t\t\t\t\t\t\t\t\t\t<\/div>\n\t\t\t\t<\/div>\n\t\t\t\t<\/div>\n\t\t\t\t<div class=\"elementor-element elementor-element-0db0fa6 dce_masking-none elementor-widget elementor-widget-image\" data-id=\"0db0fa6\" data-element_type=\"widget\" data-widget_type=\"image.default\">\n\t\t\t\t<div class=\"elementor-widget-container\">\n\t\t\t\t\t\t\t\t\t\t\t\t\t\t\t<img decoding=\"async\" width=\"600\" height=\"2\" src=\"https:\/\/dies.matrix-sa.com\/wp-content\/uploads\/2025\/02\/fake.webp\" class=\"attachment-large size-large wp-image-2861\" alt=\"\" srcset=\"https:\/\/dies.matrix-sa.com\/wp-content\/uploads\/2025\/02\/fake.webp 600w, https:\/\/dies.matrix-sa.com\/wp-content\/uploads\/2025\/02\/fake-300x1.webp 300w, https:\/\/dies.matrix-sa.com\/wp-content\/uploads\/2025\/02\/fake-150x2.webp 150w\" sizes=\"(max-width: 600px) 100vw, 600px\" \/>\t\t\t\t\t\t\t\t\t\t\t\t\t\t\t<\/div>\n\t\t\t\t<\/div>\n\t\t\t\t\t<\/div>\n\t\t\t\t<\/div>\n\t\t<div class=\"elementor-element elementor-element-59a855d e-flex e-con-boxed e-con e-parent\" data-id=\"59a855d\" data-element_type=\"container\">\n\t\t\t\t\t<div class=\"e-con-inner\">\n\t\t<div class=\"elementor-element elementor-element-cb65db3 e-con-full e-flex e-con e-child\" data-id=\"cb65db3\" data-element_type=\"container\">\n\t\t<div class=\"elementor-element elementor-element-7cd6ff8 e-grid e-con-full e-con e-child\" data-id=\"7cd6ff8\" data-element_type=\"container\">\n\t\t\t\t<div class=\"elementor-element elementor-element-174575a dce_masking-none elementor-widget elementor-widget-image\" data-id=\"174575a\" data-element_type=\"widget\" data-widget_type=\"image.default\">\n\t\t\t\t<div class=\"elementor-widget-container\">\n\t\t\t\t\t\t\t\t\t\t\t\t\t\t\t<img decoding=\"async\" width=\"600\" height=\"2\" src=\"https:\/\/dies.matrix-sa.com\/wp-content\/uploads\/2025\/02\/fake.webp\" class=\"attachment-large size-large wp-image-2861\" alt=\"\" srcset=\"https:\/\/dies.matrix-sa.com\/wp-content\/uploads\/2025\/02\/fake.webp 600w, https:\/\/dies.matrix-sa.com\/wp-content\/uploads\/2025\/02\/fake-300x1.webp 300w, https:\/\/dies.matrix-sa.com\/wp-content\/uploads\/2025\/02\/fake-150x2.webp 150w\" sizes=\"(max-width: 600px) 100vw, 600px\" \/>\t\t\t\t\t\t\t\t\t\t\t\t\t\t\t<\/div>\n\t\t\t\t<\/div>\n\t\t<div class=\"elementor-element elementor-element-d838c0c e-con-full e-flex e-con e-child\" data-id=\"d838c0c\" data-element_type=\"container\">\n\t\t<a class=\"elementor-element elementor-element-98e05f5 e-con-full e-flex e-con e-child\" data-id=\"98e05f5\" data-element_type=\"container\" href=\"https:\/\/dies.matrix-sa.com\/ca\/homologacio-de-matrius-i-validacio-de-peces-estampades\/\">\n\t\t\t\t<div class=\"elementor-element elementor-element-4917486 dce_masking-none elementor-widget elementor-widget-image\" data-id=\"4917486\" data-element_type=\"widget\" data-widget_type=\"image.default\">\n\t\t\t\t<div class=\"elementor-widget-container\">\n\t\t\t\t\t\t\t\t\t\t\t\t\t\t\t<img decoding=\"async\" width=\"64\" height=\"64\" src=\"https:\/\/dies.matrix-sa.com\/wp-content\/uploads\/2025\/02\/button-circle-left.svg\" class=\"attachment-large size-large wp-image-2867\" alt=\"\" \/>\t\t\t\t\t\t\t\t\t\t\t\t\t\t\t<\/div>\n\t\t\t\t<\/div>\n\t\t\t\t<div class=\"elementor-element elementor-element-5a27f81 elementor-widget elementor-widget-text-editor\" data-id=\"5a27f81\" data-element_type=\"widget\" data-widget_type=\"text-editor.default\">\n\t\t\t\t<div class=\"elementor-widget-container\">\n\t\t\t\t\t\t\t\t\t<p>Homologaci\u00f3 de matrius i validaci\u00f3 de peces<\/p>\t\t\t\t\t\t\t\t<\/div>\n\t\t\t\t<\/div>\n\t\t\t\t<\/a>\n\t\t<a class=\"elementor-element elementor-element-ca57600 e-con-full e-flex e-con e-child\" data-id=\"ca57600\" data-element_type=\"container\" href=\"https:\/\/dies.matrix-sa.com\/ca\/servei-postvenda\/\">\n\t\t\t\t<div class=\"elementor-element elementor-element-7f1f633 elementor-widget elementor-widget-text-editor\" data-id=\"7f1f633\" data-element_type=\"widget\" data-widget_type=\"text-editor.default\">\n\t\t\t\t<div class=\"elementor-widget-container\">\n\t\t\t\t\t\t\t\t\t<p>Servei postvenda<\/p>\t\t\t\t\t\t\t\t<\/div>\n\t\t\t\t<\/div>\n\t\t\t\t<div class=\"elementor-element elementor-element-b1fc8ac dce_masking-none elementor-widget elementor-widget-image\" data-id=\"b1fc8ac\" data-element_type=\"widget\" data-widget_type=\"image.default\">\n\t\t\t\t<div class=\"elementor-widget-container\">\n\t\t\t\t\t\t\t\t\t\t\t\t\t\t\t<img loading=\"lazy\" decoding=\"async\" width=\"64\" height=\"64\" src=\"https:\/\/dies.matrix-sa.com\/wp-content\/uploads\/2025\/02\/button-circle-right.svg\" class=\"attachment-large size-large wp-image-2870\" alt=\"\" \/>\t\t\t\t\t\t\t\t\t\t\t\t\t\t\t<\/div>\n\t\t\t\t<\/div>\n\t\t\t\t<\/a>\n\t\t\t\t<\/div>\n\t\t\t\t<div class=\"elementor-element elementor-element-3c4dcad dce_masking-none elementor-widget elementor-widget-image\" data-id=\"3c4dcad\" data-element_type=\"widget\" data-widget_type=\"image.default\">\n\t\t\t\t<div class=\"elementor-widget-container\">\n\t\t\t\t\t\t\t\t\t\t\t\t\t\t\t<img decoding=\"async\" width=\"600\" height=\"2\" src=\"https:\/\/dies.matrix-sa.com\/wp-content\/uploads\/2025\/02\/fake.webp\" class=\"attachment-large size-large wp-image-2861\" alt=\"\" srcset=\"https:\/\/dies.matrix-sa.com\/wp-content\/uploads\/2025\/02\/fake.webp 600w, https:\/\/dies.matrix-sa.com\/wp-content\/uploads\/2025\/02\/fake-300x1.webp 300w, https:\/\/dies.matrix-sa.com\/wp-content\/uploads\/2025\/02\/fake-150x2.webp 150w\" sizes=\"(max-width: 600px) 100vw, 600px\" \/>\t\t\t\t\t\t\t\t\t\t\t\t\t\t\t<\/div>\n\t\t\t\t<\/div>\n\t\t\t\t<\/div>\n\t\t\t\t<\/div>\n\t\t\t\t\t<\/div>\n\t\t\t\t<\/div>\n\t\t\t\t<\/div>\n\t\t","protected":false},"excerpt":{"rendered":"<p>Quality Lab Matrix destaca pel seu laboratori de metrologia d&#8217;\u00faltima generaci\u00f3. Durant el proc\u00e9s de fabricaci\u00f3 de les matrius, el laboratori de qualitat de Matrix realitza, en cada etapa de mecanitzat, mesures dimensionals i validacions de tots els components, garantint el compliment total dels requisits de rendiment i consist\u00e8ncia. A m\u00e9s, els nostres metr\u00f2legs analitzen [&hellip;]<\/p>\n","protected":false},"author":1,"featured_media":0,"parent":0,"menu_order":0,"comment_status":"closed","ping_status":"closed","template":"","meta":{"product_image_gallery":"","footnotes":""},"class_list":["post-4056","page","type-page","status-publish","hentry"],"_links":{"self":[{"href":"https:\/\/dies.matrix-sa.com\/ca\/wp-json\/wp\/v2\/pages\/4056","targetHints":{"allow":["GET"]}}],"collection":[{"href":"https:\/\/dies.matrix-sa.com\/ca\/wp-json\/wp\/v2\/pages"}],"about":[{"href":"https:\/\/dies.matrix-sa.com\/ca\/wp-json\/wp\/v2\/types\/page"}],"author":[{"embeddable":true,"href":"https:\/\/dies.matrix-sa.com\/ca\/wp-json\/wp\/v2\/users\/1"}],"replies":[{"embeddable":true,"href":"https:\/\/dies.matrix-sa.com\/ca\/wp-json\/wp\/v2\/comments?post=4056"}],"version-history":[{"count":9,"href":"https:\/\/dies.matrix-sa.com\/ca\/wp-json\/wp\/v2\/pages\/4056\/revisions"}],"predecessor-version":[{"id":4898,"href":"https:\/\/dies.matrix-sa.com\/ca\/wp-json\/wp\/v2\/pages\/4056\/revisions\/4898"}],"wp:attachment":[{"href":"https:\/\/dies.matrix-sa.com\/ca\/wp-json\/wp\/v2\/media?parent=4056"}],"curies":[{"name":"wp","href":"https:\/\/api.w.org\/{rel}","templated":true}]}}