{"id":3835,"date":"2025-03-25T09:48:28","date_gmt":"2025-03-25T09:48:28","guid":{"rendered":"https:\/\/matrix-sa.com\/taller-davantguarda\/"},"modified":"2025-09-26T08:02:24","modified_gmt":"2025-09-26T08:02:24","slug":"taller-davantguarda","status":"publish","type":"page","link":"https:\/\/dies.matrix-sa.com\/ca\/taller-davantguarda\/","title":{"rendered":"Fabricaci\u00f3 interna"},"content":{"rendered":"\t\t<div data-elementor-type=\"wp-page\" data-elementor-id=\"3835\" class=\"elementor elementor-3835 elementor-2199\" data-elementor-post-type=\"page\">\n\t\t\t\t<div class=\"elementor-element elementor-element-ab05af7 e-flex e-con-boxed e-con e-parent\" data-id=\"ab05af7\" data-element_type=\"container\">\n\t\t\t\t\t<div class=\"e-con-inner\">\n\t\t\t\t<div class=\"elementor-element elementor-element-547d742 breadcrumbsmatrix elementor-widget elementor-widget-dce-breadcrumbs\" data-id=\"547d742\" data-element_type=\"widget\" data-widget_type=\"dce-breadcrumbs.default\">\n\t\t\t\t<div class=\"elementor-widget-container\">\n\t\t\t\t\t<ul><li class=\"item-current item-3835\"><span class=\"bread-current bread-3835\"> Fabricaci\u00f3 interna<\/span><\/li><\/ul>\t\t\t\t<\/div>\n\t\t\t\t<\/div>\n\t\t\t\t\t<\/div>\n\t\t\t\t<\/div>\n\t\t<div data-dce-background-overlay-color=\"#000000\" data-dce-background-image-url=\"https:\/\/dies.matrix-sa.com\/wp-content\/uploads\/2025\/05\/02_In-house_capsalera.webp\" class=\"elementor-element elementor-element-704c799 e-flex e-con-boxed e-con e-parent\" data-id=\"704c799\" data-element_type=\"container\" data-settings=\"{&quot;background_background&quot;:&quot;classic&quot;}\">\n\t\t\t\t\t<div class=\"e-con-inner\">\n\t\t\t\t<div class=\"elementor-element elementor-element-16200eb elementor-widget elementor-widget-heading\" data-id=\"16200eb\" data-element_type=\"widget\" data-widget_type=\"heading.default\">\n\t\t\t\t<div class=\"elementor-widget-container\">\n\t\t\t\t\t<h1 class=\"elementor-heading-title elementor-size-default\">Fabricaci\u00f3 interna<\/h1>\t\t\t\t<\/div>\n\t\t\t\t<\/div>\n\t\t\t\t\t<\/div>\n\t\t\t\t<\/div>\n\t\t<div class=\"elementor-element elementor-element-962cac5 e-grid e-con-boxed e-con e-parent\" data-id=\"962cac5\" data-element_type=\"container\">\n\t\t\t\t\t<div class=\"e-con-inner\">\n\t\t\t\t<div class=\"elementor-element elementor-element-da15084 dce_masking-none elementor-widget elementor-widget-image\" data-id=\"da15084\" data-element_type=\"widget\" data-widget_type=\"image.default\">\n\t\t\t\t<div class=\"elementor-widget-container\">\n\t\t\t\t\t\t\t\t\t\t\t\t\t\t\t<img decoding=\"async\" width=\"600\" height=\"2\" src=\"https:\/\/dies.matrix-sa.com\/wp-content\/uploads\/2025\/02\/fake.webp\" class=\"attachment-large size-large wp-image-2861\" alt=\"\" srcset=\"https:\/\/dies.matrix-sa.com\/wp-content\/uploads\/2025\/02\/fake.webp 600w, https:\/\/dies.matrix-sa.com\/wp-content\/uploads\/2025\/02\/fake-300x1.webp 300w, https:\/\/dies.matrix-sa.com\/wp-content\/uploads\/2025\/02\/fake-150x2.webp 150w\" sizes=\"(max-width: 600px) 100vw, 600px\" \/>\t\t\t\t\t\t\t\t\t\t\t\t\t\t\t<\/div>\n\t\t\t\t<\/div>\n\t\t<div class=\"elementor-element elementor-element-e714aed e-con-full e-flex e-con e-child\" data-id=\"e714aed\" data-element_type=\"container\">\n\t\t\t\t<div class=\"elementor-element elementor-element-31861e6 elementor-widget elementor-widget-heading\" data-id=\"31861e6\" data-element_type=\"widget\" data-widget_type=\"heading.default\">\n\t\t\t\t<div class=\"elementor-widget-container\">\n\t\t\t\t\t<h2 class=\"elementor-heading-title elementor-size-default\">Un taller totalment climatitzat, llumin\u00f3s i ben organitzat reflecteix el nostre comprom\u00eds d'assolir el nivell d'excel\u00b7l\u00e8ncia que els vostres projectes mereixen.<\/h2>\t\t\t\t<\/div>\n\t\t\t\t<\/div>\n\t\t\t\t<div class=\"elementor-element elementor-element-d13117a elementor-widget elementor-widget-text-editor\" data-id=\"d13117a\" data-element_type=\"widget\" data-widget_type=\"text-editor.default\">\n\t\t\t\t<div class=\"elementor-widget-container\">\n\t\t\t\t\t\t\t\t\t<p>Creiem en la fabricaci\u00f3 de qualitat, per aix\u00f2 el taller \u00e9s el cor de la nostra empresa. Els nostres operadors, que treballen en tres torns, estan totalment qualificats per complir els requisits de toler\u00e0ncia m\u00e9s alts. <\/p><p>El talent hum\u00e0, recolzat per la formaci\u00f3 cont\u00ednua, combinat amb una infraestructura t\u00e8cnica d&#8217;avantguarda, constitueix un dels pilars clau de Matrix.<\/p>\t\t\t\t\t\t\t\t<\/div>\n\t\t\t\t<\/div>\n\t\t\t\t<div class=\"elementor-element elementor-element-c6fe95a dce_masking-none elementor-widget elementor-widget-image\" data-id=\"c6fe95a\" data-element_type=\"widget\" data-widget_type=\"image.default\">\n\t\t\t\t<div class=\"elementor-widget-container\">\n\t\t\t\t\t\t\t\t\t\t\t\t\t\t\t<img fetchpriority=\"high\" decoding=\"async\" width=\"800\" height=\"534\" src=\"https:\/\/dies.matrix-sa.com\/wp-content\/uploads\/2025\/05\/02_In-house-1024x683.webp\" class=\"attachment-large size-large wp-image-4576\" alt=\"\" srcset=\"https:\/\/dies.matrix-sa.com\/wp-content\/uploads\/2025\/05\/02_In-house-1024x683.webp 1024w, https:\/\/dies.matrix-sa.com\/wp-content\/uploads\/2025\/05\/02_In-house-300x200.webp 300w, https:\/\/dies.matrix-sa.com\/wp-content\/uploads\/2025\/05\/02_In-house-768x512.webp 768w, https:\/\/dies.matrix-sa.com\/wp-content\/uploads\/2025\/05\/02_In-house.webp 1200w\" sizes=\"(max-width: 800px) 100vw, 800px\" \/>\t\t\t\t\t\t\t\t\t\t\t\t\t\t\t<\/div>\n\t\t\t\t<\/div>\n\t\t\t\t<\/div>\n\t\t\t\t<div class=\"elementor-element elementor-element-0db0fa6 dce_masking-none elementor-widget elementor-widget-image\" data-id=\"0db0fa6\" data-element_type=\"widget\" data-widget_type=\"image.default\">\n\t\t\t\t<div class=\"elementor-widget-container\">\n\t\t\t\t\t\t\t\t\t\t\t\t\t\t\t<img decoding=\"async\" width=\"600\" height=\"2\" src=\"https:\/\/dies.matrix-sa.com\/wp-content\/uploads\/2025\/02\/fake.webp\" class=\"attachment-large size-large wp-image-2861\" alt=\"\" srcset=\"https:\/\/dies.matrix-sa.com\/wp-content\/uploads\/2025\/02\/fake.webp 600w, https:\/\/dies.matrix-sa.com\/wp-content\/uploads\/2025\/02\/fake-300x1.webp 300w, https:\/\/dies.matrix-sa.com\/wp-content\/uploads\/2025\/02\/fake-150x2.webp 150w\" sizes=\"(max-width: 600px) 100vw, 600px\" \/>\t\t\t\t\t\t\t\t\t\t\t\t\t\t\t<\/div>\n\t\t\t\t<\/div>\n\t\t\t\t\t<\/div>\n\t\t\t\t<\/div>\n\t\t<div class=\"elementor-element elementor-element-55111d3 e-flex e-con-boxed e-con e-parent\" data-id=\"55111d3\" data-element_type=\"container\">\n\t\t\t\t\t<div class=\"e-con-inner\">\n\t\t<div class=\"elementor-element elementor-element-db9570b e-grid e-con-full e-con e-child\" data-id=\"db9570b\" data-element_type=\"container\">\n\t\t\t\t<div class=\"elementor-element elementor-element-8d1bcb2 dce_masking-none elementor-widget elementor-widget-image\" data-id=\"8d1bcb2\" data-element_type=\"widget\" data-widget_type=\"image.default\">\n\t\t\t\t<div class=\"elementor-widget-container\">\n\t\t\t\t\t\t\t\t\t\t\t\t\t\t\t<img decoding=\"async\" width=\"600\" height=\"2\" src=\"https:\/\/dies.matrix-sa.com\/wp-content\/uploads\/2025\/02\/fake.webp\" class=\"attachment-large size-large wp-image-2861\" alt=\"\" srcset=\"https:\/\/dies.matrix-sa.com\/wp-content\/uploads\/2025\/02\/fake.webp 600w, https:\/\/dies.matrix-sa.com\/wp-content\/uploads\/2025\/02\/fake-300x1.webp 300w, https:\/\/dies.matrix-sa.com\/wp-content\/uploads\/2025\/02\/fake-150x2.webp 150w\" sizes=\"(max-width: 600px) 100vw, 600px\" \/>\t\t\t\t\t\t\t\t\t\t\t\t\t\t\t<\/div>\n\t\t\t\t<\/div>\n\t\t<div class=\"elementor-element elementor-element-5139be1 e-con-full e-flex e-con e-child\" data-id=\"5139be1\" data-element_type=\"container\">\n\t\t<a class=\"elementor-element elementor-element-f9c706f e-con-full e-flex e-con e-child\" data-id=\"f9c706f\" data-element_type=\"container\" href=\"https:\/\/dies.matrix-sa.com\/ca\/disseny-de-matrius\/\">\n\t\t\t\t<div class=\"elementor-element elementor-element-aeda602 dce_masking-none elementor-widget elementor-widget-image\" data-id=\"aeda602\" data-element_type=\"widget\" data-widget_type=\"image.default\">\n\t\t\t\t<div class=\"elementor-widget-container\">\n\t\t\t\t\t\t\t\t\t\t\t\t\t\t\t<img decoding=\"async\" width=\"64\" height=\"64\" src=\"https:\/\/dies.matrix-sa.com\/wp-content\/uploads\/2025\/02\/button-circle-left.svg\" class=\"attachment-large size-large wp-image-2867\" alt=\"\" \/>\t\t\t\t\t\t\t\t\t\t\t\t\t\t\t<\/div>\n\t\t\t\t<\/div>\n\t\t\t\t<div class=\"elementor-element elementor-element-20c6ad5 elementor-widget elementor-widget-text-editor\" data-id=\"20c6ad5\" data-element_type=\"widget\" data-widget_type=\"text-editor.default\">\n\t\t\t\t<div class=\"elementor-widget-container\">\n\t\t\t\t\t\t\t\t\t<p>Disseny de matrius<\/p>\t\t\t\t\t\t\t\t<\/div>\n\t\t\t\t<\/div>\n\t\t\t\t<\/a>\n\t\t<a class=\"elementor-element elementor-element-2cfcba4 e-con-full e-flex e-con e-child\" data-id=\"2cfcba4\" data-element_type=\"container\" href=\"https:\/\/dies.matrix-sa.com\/ca\/homologacio-de-matrius-i-validacio-de-peces-estampades\/\">\n\t\t\t\t<div class=\"elementor-element elementor-element-c3070d6 elementor-widget elementor-widget-text-editor\" data-id=\"c3070d6\" data-element_type=\"widget\" data-widget_type=\"text-editor.default\">\n\t\t\t\t<div class=\"elementor-widget-container\">\n\t\t\t\t\t\t\t\t\t<p>Homologaci\u00f3 de matrius i validaci\u00f3 de peces<\/p>\t\t\t\t\t\t\t\t<\/div>\n\t\t\t\t<\/div>\n\t\t\t\t<div class=\"elementor-element elementor-element-e8b1dbb dce_masking-none elementor-widget elementor-widget-image\" data-id=\"e8b1dbb\" data-element_type=\"widget\" data-widget_type=\"image.default\">\n\t\t\t\t<div class=\"elementor-widget-container\">\n\t\t\t\t\t\t\t\t\t\t\t\t\t\t\t<img loading=\"lazy\" decoding=\"async\" width=\"64\" height=\"64\" src=\"https:\/\/dies.matrix-sa.com\/wp-content\/uploads\/2025\/02\/button-circle-right.svg\" class=\"attachment-large size-large wp-image-2870\" alt=\"\" \/>\t\t\t\t\t\t\t\t\t\t\t\t\t\t\t<\/div>\n\t\t\t\t<\/div>\n\t\t\t\t<\/a>\n\t\t\t\t<\/div>\n\t\t\t\t<div class=\"elementor-element elementor-element-24f12aa dce_masking-none elementor-widget elementor-widget-image\" data-id=\"24f12aa\" data-element_type=\"widget\" data-widget_type=\"image.default\">\n\t\t\t\t<div class=\"elementor-widget-container\">\n\t\t\t\t\t\t\t\t\t\t\t\t\t\t\t<img decoding=\"async\" width=\"600\" height=\"2\" src=\"https:\/\/dies.matrix-sa.com\/wp-content\/uploads\/2025\/02\/fake.webp\" class=\"attachment-large size-large wp-image-2861\" alt=\"\" srcset=\"https:\/\/dies.matrix-sa.com\/wp-content\/uploads\/2025\/02\/fake.webp 600w, https:\/\/dies.matrix-sa.com\/wp-content\/uploads\/2025\/02\/fake-300x1.webp 300w, https:\/\/dies.matrix-sa.com\/wp-content\/uploads\/2025\/02\/fake-150x2.webp 150w\" sizes=\"(max-width: 600px) 100vw, 600px\" \/>\t\t\t\t\t\t\t\t\t\t\t\t\t\t\t<\/div>\n\t\t\t\t<\/div>\n\t\t\t\t<\/div>\n\t\t\t\t\t<\/div>\n\t\t\t\t<\/div>\n\t\t\t\t<\/div>\n\t\t","protected":false},"excerpt":{"rendered":"<p>Fabricaci\u00f3 interna Un taller totalment climatitzat, llumin\u00f3s i ben organitzat reflecteix el nostre comprom\u00eds d&#8217;assolir el nivell d&#8217;excel\u00b7l\u00e8ncia que els vostres projectes mereixen. Creiem en la fabricaci\u00f3 de qualitat, per aix\u00f2 el taller \u00e9s el cor de la nostra empresa. Els nostres operadors, que treballen en tres torns, estan totalment qualificats per complir els requisits [&hellip;]<\/p>\n","protected":false},"author":1,"featured_media":0,"parent":0,"menu_order":0,"comment_status":"closed","ping_status":"closed","template":"","meta":{"product_image_gallery":"","footnotes":""},"class_list":["post-3835","page","type-page","status-publish","hentry"],"_links":{"self":[{"href":"https:\/\/dies.matrix-sa.com\/ca\/wp-json\/wp\/v2\/pages\/3835","targetHints":{"allow":["GET"]}}],"collection":[{"href":"https:\/\/dies.matrix-sa.com\/ca\/wp-json\/wp\/v2\/pages"}],"about":[{"href":"https:\/\/dies.matrix-sa.com\/ca\/wp-json\/wp\/v2\/types\/page"}],"author":[{"embeddable":true,"href":"https:\/\/dies.matrix-sa.com\/ca\/wp-json\/wp\/v2\/users\/1"}],"replies":[{"embeddable":true,"href":"https:\/\/dies.matrix-sa.com\/ca\/wp-json\/wp\/v2\/comments?post=3835"}],"version-history":[{"count":11,"href":"https:\/\/dies.matrix-sa.com\/ca\/wp-json\/wp\/v2\/pages\/3835\/revisions"}],"predecessor-version":[{"id":5293,"href":"https:\/\/dies.matrix-sa.com\/ca\/wp-json\/wp\/v2\/pages\/3835\/revisions\/5293"}],"wp:attachment":[{"href":"https:\/\/dies.matrix-sa.com\/ca\/wp-json\/wp\/v2\/media?parent=3835"}],"curies":[{"name":"wp","href":"https:\/\/api.w.org\/{rel}","templated":true}]}}