{"id":3812,"date":"2025-03-25T10:16:49","date_gmt":"2025-03-25T10:16:49","guid":{"rendered":"https:\/\/matrix-sa.com\/servei-postvenda\/"},"modified":"2025-09-26T08:16:09","modified_gmt":"2025-09-26T08:16:09","slug":"servei-postvenda","status":"publish","type":"page","link":"https:\/\/dies.matrix-sa.com\/ca\/servei-postvenda\/","title":{"rendered":"Servei postvenda"},"content":{"rendered":"\t\t<div data-elementor-type=\"wp-page\" data-elementor-id=\"3812\" class=\"elementor elementor-3812 elementor-2258\" data-elementor-post-type=\"page\">\n\t\t\t\t<div class=\"elementor-element elementor-element-ab05af7 e-flex e-con-boxed e-con e-parent\" data-id=\"ab05af7\" data-element_type=\"container\">\n\t\t\t\t\t<div class=\"e-con-inner\">\n\t\t\t\t<div class=\"elementor-element elementor-element-547d742 breadcrumbsmatrix elementor-widget elementor-widget-dce-breadcrumbs\" data-id=\"547d742\" data-element_type=\"widget\" data-widget_type=\"dce-breadcrumbs.default\">\n\t\t\t\t<div class=\"elementor-widget-container\">\n\t\t\t\t\t<ul><li class=\"item-current item-3812\"><span class=\"bread-current bread-3812\"> Servei postvenda<\/span><\/li><\/ul>\t\t\t\t<\/div>\n\t\t\t\t<\/div>\n\t\t\t\t\t<\/div>\n\t\t\t\t<\/div>\n\t\t<div data-dce-background-overlay-color=\"#000000\" data-dce-background-image-url=\"https:\/\/dies.matrix-sa.com\/wp-content\/uploads\/2025\/05\/05_aftersales_capsalera.webp\" class=\"elementor-element elementor-element-704c799 e-flex e-con-boxed e-con e-parent\" data-id=\"704c799\" data-element_type=\"container\" data-settings=\"{&quot;background_background&quot;:&quot;classic&quot;}\">\n\t\t\t\t\t<div class=\"e-con-inner\">\n\t\t\t\t<div class=\"elementor-element elementor-element-16200eb elementor-widget elementor-widget-heading\" data-id=\"16200eb\" data-element_type=\"widget\" data-widget_type=\"heading.default\">\n\t\t\t\t<div class=\"elementor-widget-container\">\n\t\t\t\t\t<h1 class=\"elementor-heading-title elementor-size-default\">Servei Post-venta<\/h1>\t\t\t\t<\/div>\n\t\t\t\t<\/div>\n\t\t\t\t\t<\/div>\n\t\t\t\t<\/div>\n\t\t<div class=\"elementor-element elementor-element-962cac5 e-grid e-con-boxed e-con e-parent\" data-id=\"962cac5\" data-element_type=\"container\">\n\t\t\t\t\t<div class=\"e-con-inner\">\n\t\t\t\t<div class=\"elementor-element elementor-element-da15084 dce_masking-none elementor-widget elementor-widget-image\" data-id=\"da15084\" data-element_type=\"widget\" data-widget_type=\"image.default\">\n\t\t\t\t<div class=\"elementor-widget-container\">\n\t\t\t\t\t\t\t\t\t\t\t\t\t\t\t<img decoding=\"async\" width=\"600\" height=\"2\" src=\"https:\/\/dies.matrix-sa.com\/wp-content\/uploads\/2025\/02\/fake.webp\" class=\"attachment-large size-large wp-image-2861\" alt=\"\" srcset=\"https:\/\/dies.matrix-sa.com\/wp-content\/uploads\/2025\/02\/fake.webp 600w, https:\/\/dies.matrix-sa.com\/wp-content\/uploads\/2025\/02\/fake-300x1.webp 300w, https:\/\/dies.matrix-sa.com\/wp-content\/uploads\/2025\/02\/fake-150x2.webp 150w\" sizes=\"(max-width: 600px) 100vw, 600px\" \/>\t\t\t\t\t\t\t\t\t\t\t\t\t\t\t<\/div>\n\t\t\t\t<\/div>\n\t\t<div class=\"elementor-element elementor-element-e714aed e-con-full e-flex e-con e-child\" data-id=\"e714aed\" data-element_type=\"container\">\n\t\t\t\t<div class=\"elementor-element elementor-element-31861e6 elementor-widget elementor-widget-heading\" data-id=\"31861e6\" data-element_type=\"widget\" data-widget_type=\"heading.default\">\n\t\t\t\t<div class=\"elementor-widget-container\">\n\t\t\t\t\t<h2 class=\"elementor-heading-title elementor-size-default\">At Matrix, we are committed to keeping dies running at full capacity, extending their service life and ensuring uninterrupted production without unexpected issues.<\/h2>\t\t\t\t<\/div>\n\t\t\t\t<\/div>\n\t\t\t\t<div class=\"elementor-element elementor-element-d13117a elementor-widget elementor-widget-text-editor\" data-id=\"d13117a\" data-element_type=\"widget\" data-widget_type=\"text-editor.default\">\n\t\t\t\t<div class=\"elementor-widget-container\">\n\t\t\t\t\t\t\t\t\t<p>Productivity in an economy of scale is essential to ensure both a steady supply of parts and the economic viability of the project.<\/p><p>That\u2019s why we offer a fast and reliable service for spare parts manufacturing, preventive maintenance and die repair.<\/p>\t\t\t\t\t\t\t\t<\/div>\n\t\t\t\t<\/div>\n\t\t\t\t<div class=\"elementor-element elementor-element-55f7e39 dce_masking-none elementor-widget elementor-widget-image\" data-id=\"55f7e39\" data-element_type=\"widget\" data-widget_type=\"image.default\">\n\t\t\t\t<div class=\"elementor-widget-container\">\n\t\t\t\t\t\t\t\t\t\t\t\t\t\t\t<img fetchpriority=\"high\" decoding=\"async\" width=\"800\" height=\"534\" src=\"https:\/\/dies.matrix-sa.com\/wp-content\/uploads\/2025\/05\/05_aftersales-1-1024x683.webp\" class=\"attachment-large size-large wp-image-4600\" alt=\"\" srcset=\"https:\/\/dies.matrix-sa.com\/wp-content\/uploads\/2025\/05\/05_aftersales-1-1024x683.webp 1024w, https:\/\/dies.matrix-sa.com\/wp-content\/uploads\/2025\/05\/05_aftersales-1-300x200.webp 300w, https:\/\/dies.matrix-sa.com\/wp-content\/uploads\/2025\/05\/05_aftersales-1-768x512.webp 768w, https:\/\/dies.matrix-sa.com\/wp-content\/uploads\/2025\/05\/05_aftersales-1.webp 1200w\" sizes=\"(max-width: 800px) 100vw, 800px\" \/>\t\t\t\t\t\t\t\t\t\t\t\t\t\t\t<\/div>\n\t\t\t\t<\/div>\n\t\t\t\t<\/div>\n\t\t\t\t<div class=\"elementor-element elementor-element-0db0fa6 dce_masking-none elementor-widget elementor-widget-image\" data-id=\"0db0fa6\" data-element_type=\"widget\" data-widget_type=\"image.default\">\n\t\t\t\t<div class=\"elementor-widget-container\">\n\t\t\t\t\t\t\t\t\t\t\t\t\t\t\t<img decoding=\"async\" width=\"600\" height=\"2\" src=\"https:\/\/dies.matrix-sa.com\/wp-content\/uploads\/2025\/02\/fake.webp\" class=\"attachment-large size-large wp-image-2861\" alt=\"\" srcset=\"https:\/\/dies.matrix-sa.com\/wp-content\/uploads\/2025\/02\/fake.webp 600w, https:\/\/dies.matrix-sa.com\/wp-content\/uploads\/2025\/02\/fake-300x1.webp 300w, https:\/\/dies.matrix-sa.com\/wp-content\/uploads\/2025\/02\/fake-150x2.webp 150w\" sizes=\"(max-width: 600px) 100vw, 600px\" \/>\t\t\t\t\t\t\t\t\t\t\t\t\t\t\t<\/div>\n\t\t\t\t<\/div>\n\t\t\t\t\t<\/div>\n\t\t\t\t<\/div>\n\t\t<div class=\"elementor-element elementor-element-d5772fc e-flex e-con-boxed e-con e-parent\" data-id=\"d5772fc\" data-element_type=\"container\">\n\t\t\t\t\t<div class=\"e-con-inner\">\n\t\t<div class=\"elementor-element elementor-element-78b726c e-con-full e-flex e-con e-child\" data-id=\"78b726c\" data-element_type=\"container\">\n\t\t<div class=\"elementor-element elementor-element-eba70b4 e-grid e-con-full e-con e-child\" data-id=\"eba70b4\" data-element_type=\"container\">\n\t\t\t\t<div class=\"elementor-element elementor-element-129d3d1 dce_masking-none elementor-widget elementor-widget-image\" data-id=\"129d3d1\" data-element_type=\"widget\" data-widget_type=\"image.default\">\n\t\t\t\t<div class=\"elementor-widget-container\">\n\t\t\t\t\t\t\t\t\t\t\t\t\t\t\t<img decoding=\"async\" width=\"600\" height=\"2\" src=\"https:\/\/dies.matrix-sa.com\/wp-content\/uploads\/2025\/02\/fake.webp\" class=\"attachment-large size-large wp-image-2861\" alt=\"\" srcset=\"https:\/\/dies.matrix-sa.com\/wp-content\/uploads\/2025\/02\/fake.webp 600w, https:\/\/dies.matrix-sa.com\/wp-content\/uploads\/2025\/02\/fake-300x1.webp 300w, https:\/\/dies.matrix-sa.com\/wp-content\/uploads\/2025\/02\/fake-150x2.webp 150w\" sizes=\"(max-width: 600px) 100vw, 600px\" \/>\t\t\t\t\t\t\t\t\t\t\t\t\t\t\t<\/div>\n\t\t\t\t<\/div>\n\t\t<div class=\"elementor-element elementor-element-cd6b6f2 e-con-full e-flex e-con e-child\" data-id=\"cd6b6f2\" data-element_type=\"container\">\n\t\t<a class=\"elementor-element elementor-element-c3d4373 e-con-full e-flex e-con e-child\" data-id=\"c3d4373\" data-element_type=\"container\" href=\"https:\/\/dies.matrix-sa.com\/ca\/quality-lab\/\">\n\t\t\t\t<div class=\"elementor-element elementor-element-0a9632c dce_masking-none elementor-widget elementor-widget-image\" data-id=\"0a9632c\" data-element_type=\"widget\" data-widget_type=\"image.default\">\n\t\t\t\t<div class=\"elementor-widget-container\">\n\t\t\t\t\t\t\t\t\t\t\t\t\t\t\t<img decoding=\"async\" width=\"64\" height=\"64\" src=\"https:\/\/dies.matrix-sa.com\/wp-content\/uploads\/2025\/02\/button-circle-left.svg\" class=\"attachment-large size-large wp-image-2867\" alt=\"\" \/>\t\t\t\t\t\t\t\t\t\t\t\t\t\t\t<\/div>\n\t\t\t\t<\/div>\n\t\t\t\t<div class=\"elementor-element elementor-element-e898545 elementor-widget elementor-widget-text-editor\" data-id=\"e898545\" data-element_type=\"widget\" data-widget_type=\"text-editor.default\">\n\t\t\t\t<div class=\"elementor-widget-container\">\n\t\t\t\t\t\t\t\t\t<p>Quality Lab<\/p>\t\t\t\t\t\t\t\t<\/div>\n\t\t\t\t<\/div>\n\t\t\t\t<\/a>\n\t\t<a class=\"elementor-element elementor-element-38b8b1b e-con-full e-flex e-con e-child\" data-id=\"38b8b1b\" data-element_type=\"container\" href=\"https:\/\/dies.matrix-sa.com\/ca\/taller-davantguarda\/\">\n\t\t\t\t<\/a>\n\t\t\t\t<\/div>\n\t\t\t\t<div class=\"elementor-element elementor-element-6d854d8 dce_masking-none elementor-widget elementor-widget-image\" data-id=\"6d854d8\" data-element_type=\"widget\" data-widget_type=\"image.default\">\n\t\t\t\t<div class=\"elementor-widget-container\">\n\t\t\t\t\t\t\t\t\t\t\t\t\t\t\t<img decoding=\"async\" width=\"600\" height=\"2\" src=\"https:\/\/dies.matrix-sa.com\/wp-content\/uploads\/2025\/02\/fake.webp\" class=\"attachment-large size-large wp-image-2861\" alt=\"\" srcset=\"https:\/\/dies.matrix-sa.com\/wp-content\/uploads\/2025\/02\/fake.webp 600w, https:\/\/dies.matrix-sa.com\/wp-content\/uploads\/2025\/02\/fake-300x1.webp 300w, https:\/\/dies.matrix-sa.com\/wp-content\/uploads\/2025\/02\/fake-150x2.webp 150w\" sizes=\"(max-width: 600px) 100vw, 600px\" \/>\t\t\t\t\t\t\t\t\t\t\t\t\t\t\t<\/div>\n\t\t\t\t<\/div>\n\t\t\t\t<\/div>\n\t\t\t\t<\/div>\n\t\t\t\t\t<\/div>\n\t\t\t\t<\/div>\n\t\t<div class=\"elementor-element elementor-element-446a26c elementor-hidden-desktop elementor-hidden-tablet elementor-hidden-mobile e-flex e-con-boxed e-con e-parent\" data-id=\"446a26c\" data-element_type=\"container\">\n\t\t\t\t\t<div class=\"e-con-inner\">\n\t\t\t\t<div class=\"elementor-element elementor-element-e9dba50 elementor-widget elementor-widget-heading\" data-id=\"e9dba50\" data-element_type=\"widget\" data-widget_type=\"heading.default\">\n\t\t\t\t<div class=\"elementor-widget-container\">\n\t\t\t\t\t<h2 class=\"elementor-heading-title elementor-size-default\">Els 3 pilars del servei Matrix FastLane<\/h2>\t\t\t\t<\/div>\n\t\t\t\t<\/div>\n\t\t\t\t\t<\/div>\n\t\t\t\t<\/div>\n\t\t<div class=\"elementor-element elementor-element-7b69ca1 elementor-hidden-desktop elementor-hidden-tablet elementor-hidden-mobile e-flex e-con-boxed e-con e-parent\" data-id=\"7b69ca1\" data-element_type=\"container\">\n\t\t\t\t\t<div class=\"e-con-inner\">\n\t\t<div data-dce-background-image-url=\"https:\/\/dies.matrix-sa.com\/wp-content\/uploads\/2025\/04\/SpareParts.jpg\" class=\"elementor-element elementor-element-c9ed68a e-con-full e-flex e-con e-child\" data-id=\"c9ed68a\" data-element_type=\"container\" data-settings=\"{&quot;background_background&quot;:&quot;classic&quot;}\">\n\t\t\t\t<\/div>\n\t\t<div class=\"elementor-element elementor-element-a4a214e e-con-full e-flex e-con e-child\" data-id=\"a4a214e\" data-element_type=\"container\">\n\t\t\t\t<div class=\"elementor-element elementor-element-97e50c9 ratlla49x2esquerra elementor-widget elementor-widget-heading\" data-id=\"97e50c9\" data-element_type=\"widget\" data-widget_type=\"heading.default\">\n\t\t\t\t<div class=\"elementor-widget-container\">\n\t\t\t\t\t<h3 class=\"elementor-heading-title elementor-size-default\">Fabricaci\u00f3 de peces de recanvi<\/h3>\t\t\t\t<\/div>\n\t\t\t\t<\/div>\n\t\t\t\t<div class=\"elementor-element elementor-element-0c9c0e7 elementor-widget elementor-widget-text-editor\" data-id=\"0c9c0e7\" data-element_type=\"widget\" data-widget_type=\"text-editor.default\">\n\t\t\t\t<div class=\"elementor-widget-container\">\n\t\t\t\t\t\t\t\t\t<p>Un motlle suporta <strong>milions de cicles d&#8217;emmotllament<\/strong> , exposat constantment a la fatiga de <strong>les forces de pressi\u00f3<\/strong> i les <strong>altes temperatures<\/strong> inherents al proc\u00e9s d&#8217;emmotllament per injecci\u00f3.<\/p><p>Com a resultat d&#8217;aquests esfor\u00e7os, els components del motlle tendeixen a patir desgast o fins i tot trencaments.<\/p><p>Per garantir un rendiment \u00f2ptim i continu, a <b>Matrix<\/b> fabriquem <strong>peces de recanvi<\/strong> i les entreguem directament a les instal\u00b7lacions del client. Si es requereix, els nostres t\u00e8cnics especialitzats en muntatge i ajust poden despla\u00e7ar-se a les instal\u00b7lacions del client per dur a terme la substituci\u00f3, minimitzant el temps d&#8217;inactivitat i <strong>assegurant la continu\u00eftat de la producci\u00f3<\/strong> . <\/p>\t\t\t\t\t\t\t\t<\/div>\n\t\t\t\t<\/div>\n\t\t\t\t<\/div>\n\t\t\t\t\t<\/div>\n\t\t\t\t<\/div>\n\t\t<div class=\"elementor-element elementor-element-1ac7a30 elementor-hidden-desktop elementor-hidden-tablet elementor-hidden-mobile e-flex e-con-boxed e-con e-parent\" data-id=\"1ac7a30\" data-element_type=\"container\">\n\t\t\t\t\t<div class=\"e-con-inner\">\n\t\t<div data-dce-background-image-url=\"https:\/\/dies.matrix-sa.com\/wp-content\/uploads\/2025\/04\/After_sales_2.jpg\" class=\"elementor-element elementor-element-f068ec2 e-con-full e-flex e-con e-child\" data-id=\"f068ec2\" data-element_type=\"container\" data-settings=\"{&quot;background_background&quot;:&quot;classic&quot;}\">\n\t\t\t\t<\/div>\n\t\t<div class=\"elementor-element elementor-element-cf428b0 e-con-full e-flex e-con e-child\" data-id=\"cf428b0\" data-element_type=\"container\">\n\t\t\t\t<div class=\"elementor-element elementor-element-8ff0e6b ratlla49x2esquerra elementor-widget elementor-widget-heading\" data-id=\"8ff0e6b\" data-element_type=\"widget\" data-widget_type=\"heading.default\">\n\t\t\t\t<div class=\"elementor-widget-container\">\n\t\t\t\t\t<h3 class=\"elementor-heading-title elementor-size-default\">Manteniment de motlles<\/h3>\t\t\t\t<\/div>\n\t\t\t\t<\/div>\n\t\t\t\t<div class=\"elementor-element elementor-element-6b159c5 BulletsLine elementor-widget elementor-widget-text-editor\" data-id=\"6b159c5\" data-element_type=\"widget\" data-widget_type=\"text-editor.default\">\n\t\t\t\t<div class=\"elementor-widget-container\">\n\t\t\t\t\t\t\t\t\t<p>Anticipar els problemes \u00e9s clau per garantir una <strong>llarga vida \u00fatil<\/strong> del motlle. El manteniment preventiu o refurbishment no nom\u00e9s amplia la durabilitat dels components sin\u00f3 que tamb\u00e9 evita costos de reparaci\u00f3 futurs. <\/p><p>A <b>Matrix<\/b> , oferim un servei de manteniment integral que inclou:<\/p><ul><li aria-level=\"1\">Substituci\u00f3 de peces desgastades<\/li><li aria-level=\"1\">Inspecci\u00f3 del sistema de c\u00e0mera calenta<\/li><li aria-level=\"1\">Renovaci\u00f3 de juntes, entre altres operacions.<\/li><\/ul><p>Un cop finalitzat el manteniment, realitzem proves exhaustives del motlle per verificar el seu funcionament, validant el proc\u00e9s sota la metodologia del <b>Scientific Moulding<\/b> per garantir-ne la m\u00e0xima efici\u00e8ncia.<\/p><p>Mitjan\u00e7ant accions proactives, garantim motlles en perfecte estat, reduint costos a llarg termini i millorant la productivitat.<\/p>\t\t\t\t\t\t\t\t<\/div>\n\t\t\t\t<\/div>\n\t\t\t\t<\/div>\n\t\t\t\t\t<\/div>\n\t\t\t\t<\/div>\n\t\t<div class=\"elementor-element elementor-element-d1b00f0 elementor-hidden-desktop elementor-hidden-tablet elementor-hidden-mobile e-flex e-con-boxed e-con e-parent\" data-id=\"d1b00f0\" data-element_type=\"container\">\n\t\t\t\t\t<div class=\"e-con-inner\">\n\t\t<div data-dce-background-image-url=\"https:\/\/dies.matrix-sa.com\/wp-content\/uploads\/2025\/04\/Matrix_After-Sales-Repairs.jpg\" class=\"elementor-element elementor-element-d212f8b e-con-full e-flex e-con e-child\" data-id=\"d212f8b\" data-element_type=\"container\" data-settings=\"{&quot;background_background&quot;:&quot;classic&quot;}\">\n\t\t\t\t<\/div>\n\t\t<div class=\"elementor-element elementor-element-ed3ccb3 e-con-full e-flex e-con e-child\" data-id=\"ed3ccb3\" data-element_type=\"container\">\n\t\t\t\t<div class=\"elementor-element elementor-element-ada2652 ratlla49x2esquerra elementor-widget elementor-widget-heading\" data-id=\"ada2652\" data-element_type=\"widget\" data-widget_type=\"heading.default\">\n\t\t\t\t<div class=\"elementor-widget-container\">\n\t\t\t\t\t<h3 class=\"elementor-heading-title elementor-size-default\">Reparacions<\/h3>\t\t\t\t<\/div>\n\t\t\t\t<\/div>\n\t\t\t\t<div class=\"elementor-element elementor-element-2293b4c elementor-widget elementor-widget-text-editor\" data-id=\"2293b4c\" data-element_type=\"widget\" data-widget_type=\"text-editor.default\">\n\t\t\t\t<div class=\"elementor-widget-container\">\n\t\t\t\t\t\t\t\t\t<p>Un soroll inesperat \u00e9s sovint el primer senyal que alguna cosa s&#8217;ha trencat. Els danys poden variar des de avaries menors fins a problemes que requereixen la substituci\u00f3 de diversos components, com ara <b>inserts, correderes, noios o cavitats<\/b>. Cap component \u00e9s immune, especialment quan es passa per alt accidentalment una part del proc\u00e9s d&#8217;emmotllament per injecci\u00f3.  <\/p><p>A <b>Matrix FastLane<\/b> , en rebre l&#8217;informe d&#8217;error del client, realitzem un diagn\u00f2stic exhaustiu per determinar l&#8217;abast de la reparaci\u00f3. El motlle es trasllada al nostre taller, on els nostres t\u00e8cnics especialitzats realitzen les operacions necess\u00e0ries per recuperar la producci\u00f3 com si no hagu\u00e9s passat res. <\/p>\t\t\t\t\t\t\t\t<\/div>\n\t\t\t\t<\/div>\n\t\t\t\t<\/div>\n\t\t\t\t\t<\/div>\n\t\t\t\t<\/div>\n\t\t<div class=\"elementor-element elementor-element-3149aa0 elementor-hidden-desktop elementor-hidden-tablet elementor-hidden-mobile e-flex e-con-boxed e-con e-parent\" data-id=\"3149aa0\" data-element_type=\"container\">\n\t\t\t\t\t<div class=\"e-con-inner\">\n\t\t\t\t<div class=\"elementor-element elementor-element-de68373 elementor-widget elementor-widget-heading\" data-id=\"de68373\" data-element_type=\"widget\" data-widget_type=\"heading.default\">\n\t\t\t\t<div class=\"elementor-widget-container\">\n\t\t\t\t\t<h2 class=\"elementor-heading-title elementor-size-default\">Com ho fem?<\/h2>\t\t\t\t<\/div>\n\t\t\t\t<\/div>\n\t\t\t\t\t<\/div>\n\t\t\t\t<\/div>\n\t\t<div class=\"elementor-element elementor-element-5cf178b e-grid elementor-hidden-desktop elementor-hidden-tablet elementor-hidden-mobile e-con-boxed e-con e-parent\" data-id=\"5cf178b\" data-element_type=\"container\">\n\t\t\t\t\t<div class=\"e-con-inner\">\n\t\t\t\t<div class=\"elementor-element elementor-element-3edb2c3 dce_masking-none elementor-widget elementor-widget-image\" data-id=\"3edb2c3\" data-element_type=\"widget\" data-widget_type=\"image.default\">\n\t\t\t\t<div class=\"elementor-widget-container\">\n\t\t\t\t\t\t\t\t\t\t\t\t\t\t\t<img decoding=\"async\" width=\"600\" height=\"2\" src=\"https:\/\/dies.matrix-sa.com\/wp-content\/uploads\/2025\/02\/fake.webp\" class=\"attachment-large size-large wp-image-2861\" alt=\"\" srcset=\"https:\/\/dies.matrix-sa.com\/wp-content\/uploads\/2025\/02\/fake.webp 600w, https:\/\/dies.matrix-sa.com\/wp-content\/uploads\/2025\/02\/fake-300x1.webp 300w, https:\/\/dies.matrix-sa.com\/wp-content\/uploads\/2025\/02\/fake-150x2.webp 150w\" sizes=\"(max-width: 600px) 100vw, 600px\" \/>\t\t\t\t\t\t\t\t\t\t\t\t\t\t\t<\/div>\n\t\t\t\t<\/div>\n\t\t<div class=\"elementor-element elementor-element-0621260 e-con-full e-flex e-con e-child\" data-id=\"0621260\" data-element_type=\"container\">\n\t\t\t\t<div class=\"elementor-element elementor-element-eb48b7d elementor-widget elementor-widget-heading\" data-id=\"eb48b7d\" data-element_type=\"widget\" data-widget_type=\"heading.default\">\n\t\t\t\t<div class=\"elementor-widget-container\">\n\t\t\t\t\t<h2 class=\"elementor-heading-title elementor-size-default\">Combinem operacions especialitzades per atendre les necessitats proactives i reactives, ja sigui per a reparacions, substitucions o manteniment preventiu:<\/h2>\t\t\t\t<\/div>\n\t\t\t\t<\/div>\n\t\t\t\t<div class=\"elementor-element elementor-element-aaab2a4 BulletsLine elementor-widget elementor-widget-text-editor\" data-id=\"aaab2a4\" data-element_type=\"widget\" data-widget_type=\"text-editor.default\">\n\t\t\t\t<div class=\"elementor-widget-container\">\n\t\t\t\t\t\t\t\t\t<ul><li>Fabricaci\u00f3 de nous components.<\/li><li aria-level=\"1\">Inspecci\u00f3 del sistema de guia.<\/li><li aria-level=\"1\">Manteniment i inspecci\u00f3 de fuites en el sistema de c\u00e0mera calenta.<\/li><li aria-level=\"1\">Inspecci\u00f3 del circuit de refrigeraci\u00f3.<\/li><li aria-level=\"1\">Inspecci\u00f3 de components el\u00e8ctrics.<\/li><li aria-level=\"1\">Inspecci\u00f3 i neteja de sortides de gas.<\/li><li aria-level=\"1\">Inspecci\u00f3 o substituci\u00f3 de les juntes t\u00f2riques.<\/li><li aria-level=\"1\">Verificaci\u00f3 dels sistemes de seguretat del motlle.<\/li><li aria-level=\"1\">Recobriments i tractaments superficials per eliminar la fricci\u00f3.<\/li><li aria-level=\"1\">Informe metrol\u00f2gic de components fabricats i de les peces injectades.<\/li><li aria-level=\"1\">Prova exhaustiva del motlle i homologaci\u00f3 del proc\u00e9s d\u2019injecci\u00f3.<\/li><\/ul>\t\t\t\t\t\t\t\t<\/div>\n\t\t\t\t<\/div>\n\t\t\t\t<\/div>\n\t\t\t\t<div class=\"elementor-element elementor-element-a99146e dce_masking-none elementor-widget elementor-widget-image\" data-id=\"a99146e\" data-element_type=\"widget\" data-widget_type=\"image.default\">\n\t\t\t\t<div class=\"elementor-widget-container\">\n\t\t\t\t\t\t\t\t\t\t\t\t\t\t\t<img decoding=\"async\" width=\"600\" height=\"2\" src=\"https:\/\/dies.matrix-sa.com\/wp-content\/uploads\/2025\/02\/fake.webp\" class=\"attachment-large size-large wp-image-2861\" alt=\"\" srcset=\"https:\/\/dies.matrix-sa.com\/wp-content\/uploads\/2025\/02\/fake.webp 600w, https:\/\/dies.matrix-sa.com\/wp-content\/uploads\/2025\/02\/fake-300x1.webp 300w, https:\/\/dies.matrix-sa.com\/wp-content\/uploads\/2025\/02\/fake-150x2.webp 150w\" sizes=\"(max-width: 600px) 100vw, 600px\" \/>\t\t\t\t\t\t\t\t\t\t\t\t\t\t\t<\/div>\n\t\t\t\t<\/div>\n\t\t\t\t\t<\/div>\n\t\t\t\t<\/div>\n\t\t<div class=\"elementor-element elementor-element-167e952 e-grid elementor-hidden-desktop elementor-hidden-tablet elementor-hidden-mobile e-con-boxed e-con e-parent\" data-id=\"167e952\" data-element_type=\"container\">\n\t\t\t\t\t<div class=\"e-con-inner\">\n\t\t\t\t<div class=\"elementor-element elementor-element-c2848db dce_masking-none elementor-widget elementor-widget-image\" data-id=\"c2848db\" data-element_type=\"widget\" data-widget_type=\"image.default\">\n\t\t\t\t<div class=\"elementor-widget-container\">\n\t\t\t\t\t\t\t\t\t\t\t\t\t\t\t<img decoding=\"async\" width=\"600\" height=\"2\" src=\"https:\/\/dies.matrix-sa.com\/wp-content\/uploads\/2025\/02\/fake.webp\" class=\"attachment-large size-large wp-image-2861\" alt=\"\" srcset=\"https:\/\/dies.matrix-sa.com\/wp-content\/uploads\/2025\/02\/fake.webp 600w, https:\/\/dies.matrix-sa.com\/wp-content\/uploads\/2025\/02\/fake-300x1.webp 300w, https:\/\/dies.matrix-sa.com\/wp-content\/uploads\/2025\/02\/fake-150x2.webp 150w\" sizes=\"(max-width: 600px) 100vw, 600px\" \/>\t\t\t\t\t\t\t\t\t\t\t\t\t\t\t<\/div>\n\t\t\t\t<\/div>\n\t\t<div class=\"elementor-element elementor-element-17641f2 e-con-full e-flex e-con e-child\" data-id=\"17641f2\" data-element_type=\"container\">\n\t\t\t\t<div class=\"elementor-element elementor-element-38710f5 elementor-widget elementor-widget-heading\" data-id=\"38710f5\" data-element_type=\"widget\" data-widget_type=\"heading.default\">\n\t\t\t\t<div class=\"elementor-widget-container\">\n\t\t\t\t\t<h2 class=\"elementor-heading-title elementor-size-default\">Vols millorar el rendiment dels teus motlles?<\/h2>\t\t\t\t<\/div>\n\t\t\t\t<\/div>\n\t\t\t\t<div class=\"elementor-element elementor-element-73a00ca elementor-widget elementor-widget-text-editor\" data-id=\"73a00ca\" data-element_type=\"widget\" data-widget_type=\"text-editor.default\">\n\t\t\t\t<div class=\"elementor-widget-container\">\n\t\t\t\t\t\t\t\t\t<p>No deixis que els problemes t&#8217;aturin. Amb <b>Matrix Fast Lane<\/b> , podeu estar tranquils sabent que teniu un equip d&#8217;experts preparat per resoldre qualsevol problema de manera r\u00e0pida i eficient. Contacta&#8217;ns avui i descobreix com podem ajudar-te a mantenir la teva producci\u00f3 en funcionament al m\u00e0xim rendiment.  <\/p>\t\t\t\t\t\t\t\t<\/div>\n\t\t\t\t<\/div>\n\t\t\t\t<\/div>\n\t\t\t\t<div class=\"elementor-element elementor-element-716b107 dce_masking-none elementor-widget elementor-widget-image\" data-id=\"716b107\" data-element_type=\"widget\" data-widget_type=\"image.default\">\n\t\t\t\t<div class=\"elementor-widget-container\">\n\t\t\t\t\t\t\t\t\t\t\t\t\t\t\t<img decoding=\"async\" width=\"600\" height=\"2\" src=\"https:\/\/dies.matrix-sa.com\/wp-content\/uploads\/2025\/02\/fake.webp\" class=\"attachment-large size-large wp-image-2861\" alt=\"\" srcset=\"https:\/\/dies.matrix-sa.com\/wp-content\/uploads\/2025\/02\/fake.webp 600w, https:\/\/dies.matrix-sa.com\/wp-content\/uploads\/2025\/02\/fake-300x1.webp 300w, https:\/\/dies.matrix-sa.com\/wp-content\/uploads\/2025\/02\/fake-150x2.webp 150w\" sizes=\"(max-width: 600px) 100vw, 600px\" \/>\t\t\t\t\t\t\t\t\t\t\t\t\t\t\t<\/div>\n\t\t\t\t<\/div>\n\t\t\t\t\t<\/div>\n\t\t\t\t<\/div>\n\t\t\t\t<\/div>\n\t\t","protected":false},"excerpt":{"rendered":"<p>Servei Post-venta At Matrix, we are committed to keeping dies running at full capacity, extending their service life and ensuring uninterrupted production without unexpected issues. Productivity in an economy of scale is essential to ensure both a steady supply of parts and the economic viability of the project. That\u2019s why we offer a fast and [&hellip;]<\/p>\n","protected":false},"author":1,"featured_media":0,"parent":0,"menu_order":0,"comment_status":"closed","ping_status":"closed","template":"","meta":{"product_image_gallery":"","footnotes":""},"class_list":["post-3812","page","type-page","status-publish","hentry"],"_links":{"self":[{"href":"https:\/\/dies.matrix-sa.com\/ca\/wp-json\/wp\/v2\/pages\/3812","targetHints":{"allow":["GET"]}}],"collection":[{"href":"https:\/\/dies.matrix-sa.com\/ca\/wp-json\/wp\/v2\/pages"}],"about":[{"href":"https:\/\/dies.matrix-sa.com\/ca\/wp-json\/wp\/v2\/types\/page"}],"author":[{"embeddable":true,"href":"https:\/\/dies.matrix-sa.com\/ca\/wp-json\/wp\/v2\/users\/1"}],"replies":[{"embeddable":true,"href":"https:\/\/dies.matrix-sa.com\/ca\/wp-json\/wp\/v2\/comments?post=3812"}],"version-history":[{"count":12,"href":"https:\/\/dies.matrix-sa.com\/ca\/wp-json\/wp\/v2\/pages\/3812\/revisions"}],"predecessor-version":[{"id":5301,"href":"https:\/\/dies.matrix-sa.com\/ca\/wp-json\/wp\/v2\/pages\/3812\/revisions\/5301"}],"wp:attachment":[{"href":"https:\/\/dies.matrix-sa.com\/ca\/wp-json\/wp\/v2\/media?parent=3812"}],"curies":[{"name":"wp","href":"https:\/\/api.w.org\/{rel}","templated":true}]}}